{"id":16398,"date":"2024-06-18T07:49:52","date_gmt":"2024-06-18T07:49:52","guid":{"rendered":"https:\/\/axahomesecurity.pl\/en\/?page_id=16398"},"modified":"2024-07-22T08:36:43","modified_gmt":"2024-07-22T08:36:43","slug":"klamki-do-drzwi-wewnetrznych","status":"publish","type":"page","link":"https:\/\/axahomesecurity.pl\/en\/klamki-do-drzwi-wewnetrznych\/","title":{"rendered":"Interior handles"},"content":{"rendered":"<section id=\"\" class=\"relative after:w-full after:h-full after:top-0 after:left-0 after:bg-[rgba(0,0,0,0.35)] after:absolute   !pt-[96px] is-layout-flex wp-block-acf-hero-is-layout-flex\" style=\"padding-top:16px; padding-bottom:136px; color: var(--wp--preset--color--font); \">\n\n\t\t\t\t<div class=\"rounded-[2px] overflow-hidden\">\n\t\t\t\t<img loading=\"lazy\" decoding=\"async\" width=\"2000\" height=\"600\" src=\"https:\/\/axahomesecurity.pl\/en\/wp-content\/uploads\/sites\/25\/2024\/06\/0624_axa_banery_2000x600_5.jpg?w=2000\" class=\"w-full h-full absolute top-0 left-0 object-cover 1 \" alt=\"\" srcset=\"https:\/\/axahomesecurity.pl\/en\/wp-content\/uploads\/sites\/25\/2024\/06\/0624_axa_banery_2000x600_5.jpg 2000w, https:\/\/axahomesecurity.pl\/en\/wp-content\/uploads\/sites\/25\/2024\/06\/0624_axa_banery_2000x600_5.jpg?resize=300,90 300w, https:\/\/axahomesecurity.pl\/en\/wp-content\/uploads\/sites\/25\/2024\/06\/0624_axa_banery_2000x600_5.jpg?resize=768,230 768w, https:\/\/axahomesecurity.pl\/en\/wp-content\/uploads\/sites\/25\/2024\/06\/0624_axa_banery_2000x600_5.jpg?resize=1536,461 1536w, https:\/\/axahomesecurity.pl\/en\/wp-content\/uploads\/sites\/25\/2024\/06\/0624_axa_banery_2000x600_5.jpg?resize=1440,432 1440w, https:\/\/axahomesecurity.pl\/en\/wp-content\/uploads\/sites\/25\/2024\/06\/0624_axa_banery_2000x600_5.jpg?resize=600,180 600w\" sizes=\"auto, (max-width: 2000px) 100vw, 2000px\" data-ot-ignore=\"\" \/>\n\t<\/div>\n\t\n\t\n\t<div class=\"relative container z-10\">\n\n\t\t<div class=\"relative w-full lg:w-6\/12\">\n\t\t\t<div class=\"content text-white    \">\n\t\t\t\t    <h1 class=\"\">AXA Home Security a journe to your home interior<\/h1>\n\t\t    <div class=\"text-white\">\n        <p>Tripoli\u00a0 and Duala-interior handles<\/p>\n\n    <\/div>\n\t<\/div>\n\t\t<\/div>\n\n\t<\/div>\n<\/section>\n\n\n<section id=\"\" class=\"\" style=\"padding-top:var(--wp--preset--spacing--80); padding-bottom:var(--wp--preset--spacing--80); color: var(--wp--preset--color--font); \">\n\t<div class=\"container\">\n\t\t<div class=\"content     \">\n\t\t\t\t\t\t\t    <h2 class=\"\">New handle line for interior door <\/h2>\n\t\t\t    <div class=\"\">\n        <p>If you value modern design and minimalism, AXA Home Security has prepared a new line of interior door handles just for you. Duala and Tripoli handles perfectly finish the design of the interior at the same moment ensure the comfort of using living spaces. In our offer you will find two colors of handles,\u00a0 rounded and square rosette available.<\/p>\n<p>&nbsp;<\/p>\n<p><img decoding=\"async\" src=\"https:\/\/axahomesecurity.pl\/en\/wp-content\/uploads\/sites\/8\/2024\/06\/zdj-www-Ghidini.png?w=1024\" \/><\/p>\n\n    <\/div>\n\t<\/div>\n\t<\/div>\n<\/section>\n\n\n<section id=\"\" class=\"\" style=\"padding-top:var(--wp--preset--spacing--80); padding-bottom:var(--wp--preset--spacing--80); color: var(--wp--preset--color--font); \">\n\t<div class=\"container\">\n\t\t<div class=\"content     \">\n\t\t\t\t\t\t    <div class=\"\">\n        <h2 style=\"text-align: center;\">New in our offer<\/h2>\n\n    <\/div>\n\t<\/div>\n\t<\/div>\n<\/section>\n\n\n<section id=\"\" class=\"is-layout-flex wp-block-acf-content-image-is-layout-flex\" style=\"padding-top:var(--wp--preset--spacing--80); padding-bottom:var(--wp--preset--spacing--80); color: var(--wp--preset--color--font); \">\n\t<div class=\"container\">\n\n\t\t<div class=\"flex flex-col gap-10 lg:gap-0 lg:flex-row relative justify-start items-center justify-start \">\n\n\t\t\t<div class=\"w-full md:w-7\/12\">\n\t\t\t\t\t<img loading=\"lazy\" decoding=\"async\" width=\"1274\" height=\"678\" src=\"https:\/\/axahomesecurity.pl\/en\/wp-content\/uploads\/sites\/25\/2024\/06\/duala-z-logo.png?w=1274\" class=\"w-full rounded \" alt=\"\" srcset=\"https:\/\/axahomesecurity.pl\/en\/wp-content\/uploads\/sites\/25\/2024\/06\/duala-z-logo.png 1274w, https:\/\/axahomesecurity.pl\/en\/wp-content\/uploads\/sites\/25\/2024\/06\/duala-z-logo.png?resize=300,160 300w, https:\/\/axahomesecurity.pl\/en\/wp-content\/uploads\/sites\/25\/2024\/06\/duala-z-logo.png?resize=768,409 768w, https:\/\/axahomesecurity.pl\/en\/wp-content\/uploads\/sites\/25\/2024\/06\/duala-z-logo.png?resize=600,319 600w\" sizes=\"auto, (max-width: 1274px) 100vw, 1274px\" data-ot-ignore=\"\" \/>\n\t\t\t<\/div>\n\n\t\t\t<div class=\"w-full md:w-6\/12 lg:absolute top-1\/2 lg:-translate-y-1\/2 bg-white py-10 pl-9 pr-7 shadow-contentcard rounded-[2px] right-0\">\n\t\t\t\t<div class=\"content [&amp;_p]:text-[18px]    \">\n\t\t\t\t\t\t\t    <h3 id=\"block_acf-block-669e1a1ad20876.69206813\" class=\"\">Duala<\/h3>\n\t\t\t    <div class=\"[&amp;_p]:text-[18px]\">\n        <p>Take a look at technical details of our handles<\/p>\n\n    <\/div>\n\t\t<div class=\"flex flex-wrap gap-4 md:gap-6 mt-6\">\n\t\t\t\t\t\n\t<a href=\"https:\/\/axahomesecurity.pl\/en\/wp-content\/uploads\/sites\/8\/2024\/06\/Duala-Tripoli.pdf\" class=\"btn mt-6 btn--solid \" target=\"_self\">\n\t\t\t\t\t\tCheck\n\t<\/a>\n\t\t\t<\/div>\n\n<\/div>\n\t\t\t<\/div>\n\n\t\t<\/div>\n\n\t<\/div>\n<\/section>\n\n\n<section id=\"\" class=\"\" style=\"padding-top:var(--wp--preset--spacing--80); padding-bottom:var(--wp--preset--spacing--80); color: var(--wp--preset--color--font); \">\n\t<div class=\"container\">\n\t\t<div class=\"content     \">\n\t\t\t\t\t\t\t    <h2 class=\"\">Round rosettes handles <\/h2>\n\t\t\t    <div class=\"\">\n        <p>Handles on a round rosette are a perfect match for doors in a classic style as well as for those stylized in retro. Duala will be used in bathroom doors, bedrooms, offices or other rooms of your home, as well as in offices. The product manufactured in the EU is characterized by solid finish and interesting style. Duala is available in two color versions: black and Inox.<\/p>\n<p><img decoding=\"async\" src=\"https:\/\/axahomesecurity.pl\/en\/wp-content\/uploads\/sites\/8\/2024\/06\/duala-wszytskie.png?w=1024\" \/><\/p>\n<p>Prawid\u0142owo dobrana klamka mo\u017ce wzbogaci\u0107 i podkre\u015bli\u0107 wystr\u00f3j ka\u017cdego wn\u0119trza. Nowe\u00a0 klamki od AXA Home Security s\u0105 przeznaczone dla os\u00f3b poszukuj\u0105cych wysokiej jako\u015bci\u00a0 produkt\u00f3w o ciekawym designie.<\/p>\n<p><img decoding=\"async\" src=\"https:\/\/axahomesecurity.pl\/en\/wp-content\/uploads\/sites\/8\/2024\/06\/2000x600_2.jpg?w=1024\" \/><\/p>\n\n    <\/div>\n\t<\/div>\n\t<\/div>\n<\/section>\n\n\n<section id=\"\" class=\"is-layout-flex wp-block-acf-content-image-is-layout-flex\" style=\"padding-top:var(--wp--preset--spacing--80); padding-bottom:var(--wp--preset--spacing--80); color: var(--wp--preset--color--font); \">\n\t<div class=\"container\">\n\n\t\t<div class=\"flex flex-col gap-10 lg:gap-0 lg:flex-row relative justify-end items-center justify-start \">\n\n\t\t\t<div class=\"w-full md:w-7\/12\">\n\t\t\t\t\t<img loading=\"lazy\" decoding=\"async\" width=\"694\" height=\"630\" src=\"https:\/\/axahomesecurity.pl\/en\/wp-content\/uploads\/sites\/25\/2024\/06\/tripoli-4.png?w=694\" class=\"w-full rounded \" alt=\"\" srcset=\"https:\/\/axahomesecurity.pl\/en\/wp-content\/uploads\/sites\/25\/2024\/06\/tripoli-4.png 694w, https:\/\/axahomesecurity.pl\/en\/wp-content\/uploads\/sites\/25\/2024\/06\/tripoli-4.png?resize=300,272 300w, https:\/\/axahomesecurity.pl\/en\/wp-content\/uploads\/sites\/25\/2024\/06\/tripoli-4.png?resize=600,545 600w\" sizes=\"auto, (max-width: 694px) 100vw, 694px\" data-ot-ignore=\"\" \/>\n\t\t\t<\/div>\n\n\t\t\t<div class=\"w-full md:w-6\/12 lg:absolute top-1\/2 lg:-translate-y-1\/2 bg-white py-10 pl-9 pr-7 shadow-contentcard rounded-[2px] left-0\">\n\t\t\t\t<div class=\"content [&amp;_p]:text-[18px]    \">\n\t\t\t\t\t\t\t    <h3 id=\"block_acf-block-669e1a1ad21521.68273630\" class=\"\">Tripoli<\/h3>\n\t\t\t    <div class=\"[&amp;_p]:text-[18px]\">\n        <p>Might be interesting for you<\/p>\n\n    <\/div>\n\t\t<div class=\"flex flex-wrap gap-4 md:gap-6 mt-6\">\n\t\t\t\t\t\n\t<a href=\"https:\/\/axahomesecurity.pl\/en\/wp-content\/uploads\/sites\/8\/2024\/06\/Duala-Tripoli.pdf\" class=\"btn mt-6 btn--solid \" target=\"_self\">\n\t\t\t\t\t\tCheck\n\t<\/a>\n\t\t\t<\/div>\n\n<\/div>\n\t\t\t<\/div>\n\n\t\t<\/div>\n\n\t<\/div>\n<\/section>\n\n\n<section id=\"\" class=\"\" style=\"padding-top:var(--wp--preset--spacing--80); padding-bottom:var(--wp--preset--spacing--80); color: var(--wp--preset--color--font); \">\n\t<div class=\"container\">\n\t\t<div class=\"content     \">\n\t\t\t\t\t\t\t    <h2 class=\"\">Handle on a square rosette<\/h2>\n\t\t\t    <div class=\"\">\n        <p>Handles on a square rosette are distinguished by a modern style and perfect finish\u00a0 The design of the handle allows it to be used in both Scandinavian and classic style interiors. Tripoli will decorate the doors in your home, but it can also be used in office spaces where the traffic is much higher.<\/p>\n<p><img decoding=\"async\" src=\"https:\/\/axahomesecurity.pl\/en\/wp-content\/uploads\/sites\/8\/2024\/06\/www-ghidini.png?w=1024\" \/><\/p>\n<p>&nbsp;<\/p>\n<p>It is the square, elegant shape\u00a0 completes the style of the interior. The exterior of the handle is made of brushed aluminum, inside you will find a spring-assisted mechanism.<\/p>\n<p><img decoding=\"async\" src=\"https:\/\/axahomesecurity.pl\/en\/wp-content\/uploads\/sites\/8\/2024\/06\/tripoli-z-logo.png?w=1024\" \/><\/p>\n\n    <\/div>\n\t<\/div>\n\t<\/div>\n<\/section>\n\n\n<section id=\"\" class=\"relative after:w-full after:h-full after:top-0 after:left-0 after:bg-[rgba(0,0,0,0.35)] after:absolute   !pt-[96px] is-layout-flex wp-block-acf-hero-is-layout-flex\" style=\"padding-top:16px; padding-bottom:136px; color: var(--wp--preset--color--font); \">\n\n\t\t\t\t<img loading=\"lazy\" decoding=\"async\" width=\"2000\" height=\"600\" src=\"https:\/\/axahomesecurity.pl\/en\/wp-content\/uploads\/sites\/25\/2024\/05\/2405_karuzela_2000x600_04_AXA1.jpg?w=2000\" class=\"w-full h-full absolute top-0 left-0 object-cover \" alt=\"\" srcset=\"https:\/\/axahomesecurity.pl\/en\/wp-content\/uploads\/sites\/25\/2024\/05\/2405_karuzela_2000x600_04_AXA1.jpg 2000w, https:\/\/axahomesecurity.pl\/en\/wp-content\/uploads\/sites\/25\/2024\/05\/2405_karuzela_2000x600_04_AXA1.jpg?resize=300,90 300w, https:\/\/axahomesecurity.pl\/en\/wp-content\/uploads\/sites\/25\/2024\/05\/2405_karuzela_2000x600_04_AXA1.jpg?resize=768,230 768w, https:\/\/axahomesecurity.pl\/en\/wp-content\/uploads\/sites\/25\/2024\/05\/2405_karuzela_2000x600_04_AXA1.jpg?resize=1536,461 1536w, https:\/\/axahomesecurity.pl\/en\/wp-content\/uploads\/sites\/25\/2024\/05\/2405_karuzela_2000x600_04_AXA1.jpg?resize=1440,432 1440w, https:\/\/axahomesecurity.pl\/en\/wp-content\/uploads\/sites\/25\/2024\/05\/2405_karuzela_2000x600_04_AXA1.jpg?resize=600,180 600w\" sizes=\"auto, (max-width: 2000px) 100vw, 2000px\" data-ot-ignore=\"\" \/>\n\t\n\t\n\t<div class=\"relative container z-10\">\n\n\t\t<div class=\"relative w-full lg:w-6\/12\">\n\t\t\t<div class=\"content text-white    \">\n\t\t\t\t\t\t\t<\/div>\n\t\t<\/div>\n\n\t<\/div>\n<\/section>\n\n\n\n\n<section id=\"\" class=\" relative\" style=\"padding-top:var(--wp--preset--spacing--80); padding-bottom:var(--wp--preset--spacing--80);  \">\n\t\t<div class=\"full-container relative md:overflow-hidden\">\n\t\t<div class=\"container\">\n\t\t\t<div class=\"flex flex-col lg:flex-row justify-between gap-4 w-full \">\n\t\t\t\t<div class=\"w-full lg:w-1\/3 flex flex-col lg:items-center lg:justify-center\">\n\t\t\t\t\t<div class=\"content     \">\n\t\t\t\t\t\t\t    <h2 class=\"\">Duala i Tripoli, handles specially made for you!<\/h2>\n\t\t\t\t<\/div>\n\t\t\t\t<\/div>\n\n\n\t\t\t\t<div class=\"w-full lg:w-1\/2\">\n\t\t\t\t\t\n\t\t\t\t<div class=\"\">\n\t<div class=\"slider\" data-swiper=\"{&quot;slidesPerView&quot;:1,&quot;spaceBetween&quot;:16,&quot;autoHeight&quot;:false,&quot;swipeDirection&quot;:&quot;next&quot;,&quot;breakpoints&quot;:{&quot;420&quot;:{&quot;slidesPerView&quot;:2},&quot;540&quot;:{&quot;slidesPerView&quot;:3},&quot;768&quot;:{&quot;spaceBetween&quot;:24},&quot;1024&quot;:{&quot;slidesPerView&quot;:2}}}\">\n\t\t<div class=\"swiper   \">\n\t\t\t<div class=\"swiper-wrapper cursor-grab\">\n\t\t\t\t\t\t\t<\/div>\n\t\t<\/div>\n\t\t<div class=\"mt-12 flex gap-9 items-center  relative z-10 justify-end\">\n\n\t\t\t\n\t\t\t\n\t\t\t<div class=\"flex gap-4 items-center\">\n\t\t\t\t<div class=\"swiper-button-prev \" style=\"\"><\/div>\n\t\t\t\t\t\t\t\t<div class=\"swiper-button-next \" style=\"\"><\/div>\n\t\t\t<\/div>\n\t\t<\/div>\n\t<\/div>\n\n<\/div>\n\t\t\t\t<\/div>\n\t\t\t<\/div>\n\t\t<\/div>\n\t<\/div>\n<\/section>\n","protected":false},"excerpt":{"rendered":"","protected":false},"author":21,"featured_media":0,"parent":0,"menu_order":0,"comment_status":"closed","ping_status":"closed","template":"","meta":{"_acf_changed":false,"_trash_the_other_posts":false,"footnotes":""},"class_list":["post-16398","page","type-page","status-publish","hentry"],"acf":[],"yoast_head":"<!-- This site is optimized with the Yoast SEO plugin v27.1.1 - https:\/\/yoast.com\/product\/yoast-seo-wordpress\/ -->\n<title>Interior handles - AXA Home Security PL \ud83c\uddec\ud83c\udde7<\/title>\n<meta name=\"description\" content=\"Klamka wewn\u0119trzna\" \/>\n<meta name=\"robots\" content=\"index, follow, max-snippet:-1, max-image-preview:large, max-video-preview:-1\" \/>\n<link rel=\"canonical\" href=\"https:\/\/axahomesecurity.pl\/en\/klamki-do-drzwi-wewnetrznych\/\" \/>\n<meta property=\"og:locale\" content=\"en_US\" \/>\n<meta property=\"og:type\" content=\"article\" \/>\n<meta property=\"og:title\" content=\"Interior handles - AXA Home Security PL \ud83c\uddec\ud83c\udde7\" \/>\n<meta property=\"og:description\" content=\"Klamka wewn\u0119trzna\" \/>\n<meta property=\"og:url\" content=\"https:\/\/axahomesecurity.pl\/en\/klamki-do-drzwi-wewnetrznych\/\" \/>\n<meta property=\"og:site_name\" content=\"AXA Home Security PL \ud83c\uddec\ud83c\udde7\" \/>\n<meta property=\"article:modified_time\" content=\"2024-07-22T08:36:43+00:00\" \/>\n<meta name=\"twitter:card\" content=\"summary_large_image\" \/>\n<script type=\"application\/ld+json\" class=\"yoast-schema-graph\">{\"@context\":\"https:\/\/schema.org\",\"@graph\":[{\"@type\":\"WebPage\",\"@id\":\"https:\/\/axahomesecurity.pl\/en\/klamki-do-drzwi-wewnetrznych\/\",\"url\":\"https:\/\/axahomesecurity.pl\/en\/klamki-do-drzwi-wewnetrznych\/\",\"name\":\"Interior handles - AXA Home Security PL \ud83c\uddec\ud83c\udde7\",\"isPartOf\":{\"@id\":\"https:\/\/axahomesecurity.pl\/en\/#website\"},\"datePublished\":\"2024-06-18T07:49:52+00:00\",\"dateModified\":\"2024-07-22T08:36:43+00:00\",\"description\":\"Klamka wewn\u0119trzna\",\"breadcrumb\":{\"@id\":\"https:\/\/axahomesecurity.pl\/en\/klamki-do-drzwi-wewnetrznych\/#breadcrumb\"},\"inLanguage\":\"en-US\",\"potentialAction\":[{\"@type\":\"ReadAction\",\"target\":[\"https:\/\/axahomesecurity.pl\/en\/klamki-do-drzwi-wewnetrznych\/\"]}]},{\"@type\":\"BreadcrumbList\",\"@id\":\"https:\/\/axahomesecurity.pl\/en\/klamki-do-drzwi-wewnetrznych\/#breadcrumb\",\"itemListElement\":[{\"@type\":\"ListItem\",\"position\":1,\"name\":\"house\",\"item\":\"https:\/\/axahomesecurity.pl\/en\/\"},{\"@type\":\"ListItem\",\"position\":2,\"name\":\"Interior handles\"}]},{\"@type\":\"WebSite\",\"@id\":\"https:\/\/axahomesecurity.pl\/en\/#website\",\"url\":\"https:\/\/axahomesecurity.pl\/en\/\",\"name\":\"AXA Home\",\"description\":\"\",\"potentialAction\":[{\"@type\":\"SearchAction\",\"target\":{\"@type\":\"EntryPoint\",\"urlTemplate\":\"https:\/\/axahomesecurity.pl\/en\/?s={search_term_string}\"},\"query-input\":{\"@type\":\"PropertyValueSpecification\",\"valueRequired\":true,\"valueName\":\"search_term_string\"}}],\"inLanguage\":\"en-US\"}]}<\/script>\n<!-- \/ Yoast SEO plugin. -->","yoast_head_json":{"title":"Interior handles - AXA Home Security PL \ud83c\uddec\ud83c\udde7","description":"Klamka wewn\u0119trzna","robots":{"index":"index","follow":"follow","max-snippet":"max-snippet:-1","max-image-preview":"max-image-preview:large","max-video-preview":"max-video-preview:-1"},"canonical":"https:\/\/axahomesecurity.pl\/en\/klamki-do-drzwi-wewnetrznych\/","og_locale":"en_US","og_type":"article","og_title":"Interior handles - AXA Home Security PL \ud83c\uddec\ud83c\udde7","og_description":"Klamka wewn\u0119trzna","og_url":"https:\/\/axahomesecurity.pl\/en\/klamki-do-drzwi-wewnetrznych\/","og_site_name":"AXA Home Security PL \ud83c\uddec\ud83c\udde7","article_modified_time":"2024-07-22T08:36:43+00:00","twitter_card":"summary_large_image","schema":{"@context":"https:\/\/schema.org","@graph":[{"@type":"WebPage","@id":"https:\/\/axahomesecurity.pl\/en\/klamki-do-drzwi-wewnetrznych\/","url":"https:\/\/axahomesecurity.pl\/en\/klamki-do-drzwi-wewnetrznych\/","name":"Interior handles - AXA Home Security PL \ud83c\uddec\ud83c\udde7","isPartOf":{"@id":"https:\/\/axahomesecurity.pl\/en\/#website"},"datePublished":"2024-06-18T07:49:52+00:00","dateModified":"2024-07-22T08:36:43+00:00","description":"Klamka wewn\u0119trzna","breadcrumb":{"@id":"https:\/\/axahomesecurity.pl\/en\/klamki-do-drzwi-wewnetrznych\/#breadcrumb"},"inLanguage":"en-US","potentialAction":[{"@type":"ReadAction","target":["https:\/\/axahomesecurity.pl\/en\/klamki-do-drzwi-wewnetrznych\/"]}]},{"@type":"BreadcrumbList","@id":"https:\/\/axahomesecurity.pl\/en\/klamki-do-drzwi-wewnetrznych\/#breadcrumb","itemListElement":[{"@type":"ListItem","position":1,"name":"house","item":"https:\/\/axahomesecurity.pl\/en\/"},{"@type":"ListItem","position":2,"name":"Interior handles"}]},{"@type":"WebSite","@id":"https:\/\/axahomesecurity.pl\/en\/#website","url":"https:\/\/axahomesecurity.pl\/en\/","name":"AXA Home","description":"","potentialAction":[{"@type":"SearchAction","target":{"@type":"EntryPoint","urlTemplate":"https:\/\/axahomesecurity.pl\/en\/?s={search_term_string}"},"query-input":{"@type":"PropertyValueSpecification","valueRequired":true,"valueName":"search_term_string"}}],"inLanguage":"en-US"}]}},"jetpack_sharing_enabled":true,"_links":{"self":[{"href":"https:\/\/axahomesecurity.pl\/en\/wp-json\/wp\/v2\/pages\/16398","targetHints":{"allow":["GET"]}}],"collection":[{"href":"https:\/\/axahomesecurity.pl\/en\/wp-json\/wp\/v2\/pages"}],"about":[{"href":"https:\/\/axahomesecurity.pl\/en\/wp-json\/wp\/v2\/types\/page"}],"author":[{"embeddable":true,"href":"https:\/\/axahomesecurity.pl\/en\/wp-json\/wp\/v2\/users\/21"}],"replies":[{"embeddable":true,"href":"https:\/\/axahomesecurity.pl\/en\/wp-json\/wp\/v2\/comments?post=16398"}],"version-history":[{"count":100,"href":"https:\/\/axahomesecurity.pl\/en\/wp-json\/wp\/v2\/pages\/16398\/revisions"}],"predecessor-version":[{"id":16689,"href":"https:\/\/axahomesecurity.pl\/en\/wp-json\/wp\/v2\/pages\/16398\/revisions\/16689"}],"wp:attachment":[{"href":"https:\/\/axahomesecurity.pl\/en\/wp-json\/wp\/v2\/media?parent=16398"}],"curies":[{"name":"wp","href":"https:\/\/api.w.org\/{rel}","templated":true}]}}