{"id":15644,"date":"2024-05-07T09:27:15","date_gmt":"2024-05-07T09:27:15","guid":{"rendered":"https:\/\/axahomesecurity.pl\/en\/?page_id=15644"},"modified":"2024-07-18T11:59:29","modified_gmt":"2024-07-18T11:59:29","slug":"jak-zabezpieczyc-dom-przed-wlamaniem","status":"publish","type":"page","link":"https:\/\/axahomesecurity.pl\/en\/jak-zabezpieczyc-dom-przed-wlamaniem\/","title":{"rendered":"How to protect your house against burglary"},"content":{"rendered":"<section id=\"\" class=\"relative after:w-full after:h-full after:top-0 after:left-0 after:bg-[rgba(0,0,0,0.35)] after:absolute   !pt-[96px] is-layout-flex wp-block-acf-hero-is-layout-flex\" style=\"padding-top:16px; padding-bottom:136px; color: var(--wp--preset--color--font); \">\n\n\t\t\t\t<img loading=\"lazy\" decoding=\"async\" width=\"2048\" height=\"1365\" src=\"https:\/\/axahomesecurity.pl\/en\/wp-content\/uploads\/sites\/25\/2024\/04\/woman-showing-with-one-hand-mini-house-real-state-concept-ai-generative.jpg?w=2048\" class=\"w-full h-full absolute top-0 left-0 object-cover \" alt=\"\" srcset=\"https:\/\/axahomesecurity.pl\/en\/wp-content\/uploads\/sites\/25\/2024\/04\/woman-showing-with-one-hand-mini-house-real-state-concept-ai-generative.jpg 6144w, https:\/\/axahomesecurity.pl\/en\/wp-content\/uploads\/sites\/25\/2024\/04\/woman-showing-with-one-hand-mini-house-real-state-concept-ai-generative.jpg?resize=300,200 300w, https:\/\/axahomesecurity.pl\/en\/wp-content\/uploads\/sites\/25\/2024\/04\/woman-showing-with-one-hand-mini-house-real-state-concept-ai-generative.jpg?resize=768,512 768w, https:\/\/axahomesecurity.pl\/en\/wp-content\/uploads\/sites\/25\/2024\/04\/woman-showing-with-one-hand-mini-house-real-state-concept-ai-generative.jpg?resize=2048,1365 2048w, https:\/\/axahomesecurity.pl\/en\/wp-content\/uploads\/sites\/25\/2024\/04\/woman-showing-with-one-hand-mini-house-real-state-concept-ai-generative.jpg?resize=1536,1024 1536w, https:\/\/axahomesecurity.pl\/en\/wp-content\/uploads\/sites\/25\/2024\/04\/woman-showing-with-one-hand-mini-house-real-state-concept-ai-generative.jpg?resize=1215,810 1215w, https:\/\/axahomesecurity.pl\/en\/wp-content\/uploads\/sites\/25\/2024\/04\/woman-showing-with-one-hand-mini-house-real-state-concept-ai-generative.jpg?resize=600,400 600w\" sizes=\"auto, (max-width: 2048px) 100vw, 2048px\" data-ot-ignore=\"\" \/>\n\t\n\t\n\t<div class=\"relative container z-10\">\n\n\t\t<div class=\"relative w-full lg:w-6\/12\">\n\t\t\t<div class=\"content text-white    \">\n\t\t\t\t\t\t\t<\/div>\n\t\t<\/div>\n\n\t<\/div>\n<\/section>\n\n\n<section id=\"\" class=\"is-layout-flex wp-block-acf-content-image-is-layout-flex\" style=\"padding-top:var(--wp--preset--spacing--80); padding-bottom:var(--wp--preset--spacing--80); color: var(--wp--preset--color--font); \">\n\t<div class=\"container\">\n\n\t\t<div class=\"flex flex-col gap-10 lg:gap-0 lg:flex-row relative justify-start items-center justify-start \">\n\n\t\t\t<div class=\"w-full md:w-7\/12\">\n\t\t\t\t\t<img loading=\"lazy\" decoding=\"async\" width=\"2048\" height=\"991\" src=\"https:\/\/axahomesecurity.pl\/en\/wp-content\/uploads\/sites\/25\/2024\/04\/real-estate-buying-property-concept-handsome-young-man-with-red-hair-showing-house-cutout-search.jpg?w=2048\" class=\"w-full rounded \" alt=\"\" srcset=\"https:\/\/axahomesecurity.pl\/en\/wp-content\/uploads\/sites\/25\/2024\/04\/real-estate-buying-property-concept-handsome-young-man-with-red-hair-showing-house-cutout-search.jpg 7955w, https:\/\/axahomesecurity.pl\/en\/wp-content\/uploads\/sites\/25\/2024\/04\/real-estate-buying-property-concept-handsome-young-man-with-red-hair-showing-house-cutout-search.jpg?resize=300,145 300w, https:\/\/axahomesecurity.pl\/en\/wp-content\/uploads\/sites\/25\/2024\/04\/real-estate-buying-property-concept-handsome-young-man-with-red-hair-showing-house-cutout-search.jpg?resize=768,372 768w, https:\/\/axahomesecurity.pl\/en\/wp-content\/uploads\/sites\/25\/2024\/04\/real-estate-buying-property-concept-handsome-young-man-with-red-hair-showing-house-cutout-search.jpg?resize=2048,991 2048w, https:\/\/axahomesecurity.pl\/en\/wp-content\/uploads\/sites\/25\/2024\/04\/real-estate-buying-property-concept-handsome-young-man-with-red-hair-showing-house-cutout-search.jpg?resize=1536,743 1536w, https:\/\/axahomesecurity.pl\/en\/wp-content\/uploads\/sites\/25\/2024\/04\/real-estate-buying-property-concept-handsome-young-man-with-red-hair-showing-house-cutout-search.jpg?resize=1440,697 1440w, https:\/\/axahomesecurity.pl\/en\/wp-content\/uploads\/sites\/25\/2024\/04\/real-estate-buying-property-concept-handsome-young-man-with-red-hair-showing-house-cutout-search.jpg?resize=600,290 600w\" sizes=\"auto, (max-width: 2048px) 100vw, 2048px\" data-ot-ignore=\"\" \/>\n\t\t\t<\/div>\n\n\t\t\t<div class=\"w-full md:w-6\/12 lg:absolute top-1\/2 lg:-translate-y-1\/2 bg-white py-10 pl-9 pr-7 shadow-contentcard rounded-[2px] right-0\">\n\t\t\t\t<div class=\"content [&amp;_p]:text-[18px]    \">\n\t\t\t\t\t\t\t    <h3 id=\"block_acf-block-6699039f17af09.12382074\" class=\"\">We want you to feel safe in your home, so we have some advice for you:<\/h3>\n\t\t\t    <div class=\"[&amp;_p]:text-[18px]\">\n        <ol>\n<li>Don&#8217;t keep valuables in the hall.<\/li>\n<li>Invest in an alarm system and monitoring.<\/li>\n<li>If you lose your keys, don&#8217;t delay with changing the locks.<\/li>\n<li>Don&#8217;t leave your keys under the doormat or flowerpot.<\/li>\n<li>Don&#8217;t just lock the door when you&#8217;re at home.<\/li>\n<li>Replace the door insert after moving to a new apartment.<\/li>\n<\/ol>\n\n    <\/div>\n\t<\/div>\n\t\t\t<\/div>\n\n\t\t<\/div>\n\n\t<\/div>\n<\/section>\n\n\n<section id=\"\" class=\"is-layout-flex wp-block-acf-content-image-is-layout-flex\" style=\"padding-top:var(--wp--preset--spacing--80); padding-bottom:var(--wp--preset--spacing--80); color: var(--wp--preset--color--font); \">\n\t<div class=\"container\">\n\n\t\t<div class=\"flex flex-col gap-10 lg:gap-0 lg:flex-row relative justify-start items-center justify-start \">\n\n\t\t\t<div class=\"w-full md:w-7\/12\">\n\t\t\t\t\t<img loading=\"lazy\" decoding=\"async\" width=\"2048\" height=\"1365\" src=\"https:\/\/axahomesecurity.pl\/en\/wp-content\/uploads\/sites\/25\/2024\/04\/2H3A3137.jpg?w=2048\" class=\"w-full rounded \" alt=\"\" srcset=\"https:\/\/axahomesecurity.pl\/en\/wp-content\/uploads\/sites\/25\/2024\/04\/2H3A3137.jpg 5700w, https:\/\/axahomesecurity.pl\/en\/wp-content\/uploads\/sites\/25\/2024\/04\/2H3A3137.jpg?resize=300,200 300w, https:\/\/axahomesecurity.pl\/en\/wp-content\/uploads\/sites\/25\/2024\/04\/2H3A3137.jpg?resize=768,512 768w, https:\/\/axahomesecurity.pl\/en\/wp-content\/uploads\/sites\/25\/2024\/04\/2H3A3137.jpg?resize=2048,1365 2048w, https:\/\/axahomesecurity.pl\/en\/wp-content\/uploads\/sites\/25\/2024\/04\/2H3A3137.jpg?resize=1536,1024 1536w, https:\/\/axahomesecurity.pl\/en\/wp-content\/uploads\/sites\/25\/2024\/04\/2H3A3137.jpg?resize=1215,810 1215w, https:\/\/axahomesecurity.pl\/en\/wp-content\/uploads\/sites\/25\/2024\/04\/2H3A3137.jpg?resize=600,400 600w\" sizes=\"auto, (max-width: 2048px) 100vw, 2048px\" data-ot-ignore=\"\" \/>\n\t\t\t<\/div>\n\n\t\t\t<div class=\"w-full md:w-6\/12 lg:absolute top-1\/2 lg:-translate-y-1\/2 bg-white py-10 pl-9 pr-7 shadow-contentcard rounded-[2px] right-0\">\n\t\t\t\t<div class=\"content [&amp;_p]:text-[18px]    \">\n\t\t\t\t\t\t\t    <h3 id=\"block_acf-block-6699039f17b6b6.24989884\" class=\"\">Remember, <\/h3>\n\t\t\t    <div class=\"[&amp;_p]:text-[18px]\">\n        <p>that there are no doors that are completely burglar-proof. Door entry is only a matter of time and the tools used by potential burglars. Time is our greatest ally. The longer the security measures that the intruder has to overcome, the greater the chance of discouraging him or catching him in the act. And that&#8217;s the point!<\/p>\n<p>Our offer includes fittings with FLEX insert protection. Security can be crucial in the event of a break-in.<\/p>\n\n    <\/div>\n\t<\/div>\n\t\t\t<\/div>\n\n\t\t<\/div>\n\n\t<\/div>\n<\/section>\n\n\n<section id=\"\" class=\"is-layout-flex wp-block-acf-content-image-video-is-layout-flex\" style=\"padding-top:var(--wp--preset--spacing--80); padding-bottom:var(--wp--preset--spacing--80); color: var(--wp--preset--color--font); \">\n    <div class=\"container\">\n\n        <div class=\"flex flex-col gap-12 items-center justify-start horizontal\">\n\n            <div class=\"flex justify-end\">\n                <div class=\"w-full md:w-1\/2\">\n                        <h3 id=\"block_acf-block-6699039f17d979.37095694\" class=\"\">You want to know more? <\/h3>\n                        <div class=\"\">\n        <p>See the material prepared together with the<strong> Aran\u017cacja wn\u0119trz\u00a0<\/strong><\/p>\n\n    <\/div>\n                <\/div>\n            <\/div>\n\n            <div class=\"flex justify-start w-full justify-start\">\n                <div class=\"w-full md:w-3\/4 relative overflow-hidden before:w-[256px] before:h-[256px] before:rotate-[45deg] before:hidden before:md:block before:bottom-[-40%] before:left-[-25%] before:md:left-[-25%] before:lg:left-[-20%] before:xl:left-[-16%] before:bg-white before:content-[&#039;&#039;] before:absolute before:z-[4] after:w-[256px] after:h-[256px] after:rotate-[45deg] after:hidden after:md:block after:top-[-40%] after:right-[-25%] after:md:right-[-25%] after:lg:right-[-20%] after:xl:right-[-16%] after:bg-white after:content-[&#039;&#039;] after:absolute after:z-[4]\">\n\n                                            <div class=\"video \">\n\t<iframe loading=\"lazy\" title=\"BEZPIECZE\u0143STWO W DOMU. JAK ZABEZPIECZY\u0106 MIESZKANIE I DOM PRZED W\u0141AMANIEM?\" width=\"640\" height=\"360\" src=\"https:\/\/www.youtube.com\/embed\/OkWZ7_AAHDs?start=2&#038;feature=oembed\" frameborder=\"0\" allow=\"accelerometer; autoplay; clipboard-write; encrypted-media; gyroscope; picture-in-picture; web-share\" referrerpolicy=\"strict-origin-when-cross-origin\" allowfullscreen data-ot-ignore><\/iframe>\n<\/div>\n                                    <\/div>\n            <\/div>\n\n        <\/div>\n        \n    <\/div>\n<\/section>\n","protected":false},"excerpt":{"rendered":"","protected":false},"author":21,"featured_media":0,"parent":0,"menu_order":0,"comment_status":"closed","ping_status":"closed","template":"","meta":{"_acf_changed":false,"_trash_the_other_posts":false,"footnotes":""},"class_list":["post-15644","page","type-page","status-publish","hentry"],"acf":[],"yoast_head":"<!-- This site is optimized with the Yoast SEO plugin v27.1.1 - https:\/\/yoast.com\/product\/yoast-seo-wordpress\/ -->\n<title>How to protect your house against burglary - AXA Home Security PL \ud83c\uddec\ud83c\udde7<\/title>\n<meta name=\"description\" content=\"rady od producenta oku\u0107 drzwiowych\" \/>\n<meta name=\"robots\" content=\"index, follow, max-snippet:-1, max-image-preview:large, max-video-preview:-1\" \/>\n<link rel=\"canonical\" href=\"https:\/\/axahomesecurity.pl\/en\/jak-zabezpieczyc-dom-przed-wlamaniem\/\" \/>\n<meta property=\"og:locale\" content=\"en_US\" \/>\n<meta property=\"og:type\" content=\"article\" \/>\n<meta property=\"og:title\" content=\"How to protect your house against burglary - AXA Home Security PL \ud83c\uddec\ud83c\udde7\" \/>\n<meta property=\"og:description\" content=\"rady od producenta oku\u0107 drzwiowych\" \/>\n<meta property=\"og:url\" content=\"https:\/\/axahomesecurity.pl\/en\/jak-zabezpieczyc-dom-przed-wlamaniem\/\" \/>\n<meta property=\"og:site_name\" content=\"AXA Home Security PL \ud83c\uddec\ud83c\udde7\" \/>\n<meta property=\"article:modified_time\" content=\"2024-07-18T11:59:29+00:00\" \/>\n<meta name=\"twitter:card\" content=\"summary_large_image\" \/>\n<script type=\"application\/ld+json\" class=\"yoast-schema-graph\">{\"@context\":\"https:\/\/schema.org\",\"@graph\":[{\"@type\":\"WebPage\",\"@id\":\"https:\/\/axahomesecurity.pl\/en\/jak-zabezpieczyc-dom-przed-wlamaniem\/\",\"url\":\"https:\/\/axahomesecurity.pl\/en\/jak-zabezpieczyc-dom-przed-wlamaniem\/\",\"name\":\"How to protect your house against burglary - AXA Home Security PL \ud83c\uddec\ud83c\udde7\",\"isPartOf\":{\"@id\":\"https:\/\/axahomesecurity.pl\/en\/#website\"},\"datePublished\":\"2024-05-07T09:27:15+00:00\",\"dateModified\":\"2024-07-18T11:59:29+00:00\",\"description\":\"rady od producenta oku\u0107 drzwiowych\",\"breadcrumb\":{\"@id\":\"https:\/\/axahomesecurity.pl\/en\/jak-zabezpieczyc-dom-przed-wlamaniem\/#breadcrumb\"},\"inLanguage\":\"en-US\",\"potentialAction\":[{\"@type\":\"ReadAction\",\"target\":[\"https:\/\/axahomesecurity.pl\/en\/jak-zabezpieczyc-dom-przed-wlamaniem\/\"]}]},{\"@type\":\"BreadcrumbList\",\"@id\":\"https:\/\/axahomesecurity.pl\/en\/jak-zabezpieczyc-dom-przed-wlamaniem\/#breadcrumb\",\"itemListElement\":[{\"@type\":\"ListItem\",\"position\":1,\"name\":\"house\",\"item\":\"https:\/\/axahomesecurity.pl\/en\/\"},{\"@type\":\"ListItem\",\"position\":2,\"name\":\"How to protect your house against burglary\"}]},{\"@type\":\"WebSite\",\"@id\":\"https:\/\/axahomesecurity.pl\/en\/#website\",\"url\":\"https:\/\/axahomesecurity.pl\/en\/\",\"name\":\"AXA Home\",\"description\":\"\",\"potentialAction\":[{\"@type\":\"SearchAction\",\"target\":{\"@type\":\"EntryPoint\",\"urlTemplate\":\"https:\/\/axahomesecurity.pl\/en\/?s={search_term_string}\"},\"query-input\":{\"@type\":\"PropertyValueSpecification\",\"valueRequired\":true,\"valueName\":\"search_term_string\"}}],\"inLanguage\":\"en-US\"}]}<\/script>\n<!-- \/ Yoast SEO plugin. -->","yoast_head_json":{"title":"How to protect your house against burglary - AXA Home Security PL \ud83c\uddec\ud83c\udde7","description":"rady od producenta oku\u0107 drzwiowych","robots":{"index":"index","follow":"follow","max-snippet":"max-snippet:-1","max-image-preview":"max-image-preview:large","max-video-preview":"max-video-preview:-1"},"canonical":"https:\/\/axahomesecurity.pl\/en\/jak-zabezpieczyc-dom-przed-wlamaniem\/","og_locale":"en_US","og_type":"article","og_title":"How to protect your house against burglary - AXA Home Security PL \ud83c\uddec\ud83c\udde7","og_description":"rady od producenta oku\u0107 drzwiowych","og_url":"https:\/\/axahomesecurity.pl\/en\/jak-zabezpieczyc-dom-przed-wlamaniem\/","og_site_name":"AXA Home Security PL \ud83c\uddec\ud83c\udde7","article_modified_time":"2024-07-18T11:59:29+00:00","twitter_card":"summary_large_image","schema":{"@context":"https:\/\/schema.org","@graph":[{"@type":"WebPage","@id":"https:\/\/axahomesecurity.pl\/en\/jak-zabezpieczyc-dom-przed-wlamaniem\/","url":"https:\/\/axahomesecurity.pl\/en\/jak-zabezpieczyc-dom-przed-wlamaniem\/","name":"How to protect your house against burglary - AXA Home Security PL \ud83c\uddec\ud83c\udde7","isPartOf":{"@id":"https:\/\/axahomesecurity.pl\/en\/#website"},"datePublished":"2024-05-07T09:27:15+00:00","dateModified":"2024-07-18T11:59:29+00:00","description":"rady od producenta oku\u0107 drzwiowych","breadcrumb":{"@id":"https:\/\/axahomesecurity.pl\/en\/jak-zabezpieczyc-dom-przed-wlamaniem\/#breadcrumb"},"inLanguage":"en-US","potentialAction":[{"@type":"ReadAction","target":["https:\/\/axahomesecurity.pl\/en\/jak-zabezpieczyc-dom-przed-wlamaniem\/"]}]},{"@type":"BreadcrumbList","@id":"https:\/\/axahomesecurity.pl\/en\/jak-zabezpieczyc-dom-przed-wlamaniem\/#breadcrumb","itemListElement":[{"@type":"ListItem","position":1,"name":"house","item":"https:\/\/axahomesecurity.pl\/en\/"},{"@type":"ListItem","position":2,"name":"How to protect your house against burglary"}]},{"@type":"WebSite","@id":"https:\/\/axahomesecurity.pl\/en\/#website","url":"https:\/\/axahomesecurity.pl\/en\/","name":"AXA Home","description":"","potentialAction":[{"@type":"SearchAction","target":{"@type":"EntryPoint","urlTemplate":"https:\/\/axahomesecurity.pl\/en\/?s={search_term_string}"},"query-input":{"@type":"PropertyValueSpecification","valueRequired":true,"valueName":"search_term_string"}}],"inLanguage":"en-US"}]}},"jetpack_sharing_enabled":true,"_links":{"self":[{"href":"https:\/\/axahomesecurity.pl\/en\/wp-json\/wp\/v2\/pages\/15644","targetHints":{"allow":["GET"]}}],"collection":[{"href":"https:\/\/axahomesecurity.pl\/en\/wp-json\/wp\/v2\/pages"}],"about":[{"href":"https:\/\/axahomesecurity.pl\/en\/wp-json\/wp\/v2\/types\/page"}],"author":[{"embeddable":true,"href":"https:\/\/axahomesecurity.pl\/en\/wp-json\/wp\/v2\/users\/21"}],"replies":[{"embeddable":true,"href":"https:\/\/axahomesecurity.pl\/en\/wp-json\/wp\/v2\/comments?post=15644"}],"version-history":[{"count":53,"href":"https:\/\/axahomesecurity.pl\/en\/wp-json\/wp\/v2\/pages\/15644\/revisions"}],"predecessor-version":[{"id":16658,"href":"https:\/\/axahomesecurity.pl\/en\/wp-json\/wp\/v2\/pages\/15644\/revisions\/16658"}],"wp:attachment":[{"href":"https:\/\/axahomesecurity.pl\/en\/wp-json\/wp\/v2\/media?parent=15644"}],"curies":[{"name":"wp","href":"https:\/\/api.w.org\/{rel}","templated":true}]}}