{"id":15514,"date":"2024-05-07T09:27:34","date_gmt":"2024-05-07T09:27:34","guid":{"rendered":"https:\/\/axahomesecurity.pl\/en\/?page_id=15514"},"modified":"2024-07-18T12:34:09","modified_gmt":"2024-07-18T12:34:09","slug":"klamka-zintegrowana","status":"publish","type":"page","link":"https:\/\/axahomesecurity.pl\/en\/klamka-zintegrowana\/","title":{"rendered":"Integrated handle"},"content":{"rendered":"<section id=\"\" class=\"relative after:w-full after:h-full after:top-0 after:left-0 after:bg-[rgba(0,0,0,0.35)] after:absolute   !pt-[96px] is-layout-flex wp-block-acf-hero-is-layout-flex\" style=\"padding-top:16px; padding-bottom:136px; color: var(--wp--preset--color--font); \">\n\n\t\t\t\t<img loading=\"lazy\" decoding=\"async\" width=\"1392\" height=\"482\" src=\"https:\/\/axahomesecurity.pl\/en\/wp-content\/uploads\/sites\/25\/2024\/04\/idea_600_6635_desktop.jpg?w=1392\" class=\"w-full h-full absolute top-0 left-0 object-cover \" alt=\"\" srcset=\"https:\/\/axahomesecurity.pl\/en\/wp-content\/uploads\/sites\/25\/2024\/04\/idea_600_6635_desktop.jpg 1392w, https:\/\/axahomesecurity.pl\/en\/wp-content\/uploads\/sites\/25\/2024\/04\/idea_600_6635_desktop.jpg?resize=300,104 300w, https:\/\/axahomesecurity.pl\/en\/wp-content\/uploads\/sites\/25\/2024\/04\/idea_600_6635_desktop.jpg?resize=768,266 768w, https:\/\/axahomesecurity.pl\/en\/wp-content\/uploads\/sites\/25\/2024\/04\/idea_600_6635_desktop.jpg?resize=600,208 600w\" sizes=\"auto, (max-width: 1392px) 100vw, 1392px\" data-ot-ignore=\"\" \/>\n\t\n\t\n\t<div class=\"relative container z-10\">\n\n\t\t<div class=\"relative w-full lg:w-6\/12\">\n\t\t\t<div class=\"content text-white    \">\n\t\t\t\t    <h1 class=\"\">Easier, faster, more reliable<\/h1>\n\t\t    <div class=\"text-white\">\n        <p>Integrated handles have been in the AXA offer since 2015. Find out more about this solution.<\/p>\n\n    <\/div>\n\t<\/div>\n\t\t<\/div>\n\n\t<\/div>\n<\/section>\n\n\n<section id=\"\" class=\"is-layout-flex wp-block-acf-content-image-video-is-layout-flex\" style=\"padding-top:var(--wp--preset--spacing--80); padding-bottom:var(--wp--preset--spacing--80); color: var(--wp--preset--color--font); \">\n    <div class=\"container\">\n\n        <div class=\"flex flex-col gap-12 items-center justify-start horizontal\">\n\n            <div class=\"flex justify-end\">\n                <div class=\"w-full md:w-1\/2\">\n                        <h3 id=\"block_acf-block-66990bc03a77d6.85100594\" class=\"\">Integrated handles are not only faster and easier to install, but also more reliable<\/h3>\n                        <div class=\"\">\n        <p>Door handles in which the shield is integrated with the handle are a very convenient solution.\u00a0 In our offer we have handle or handle with the shield or rosette\u00a0 which is very durable. What&#8217;s more, this solution is universal. We don&#8217;t have to know whether we have a left or right door, which sometimes causes problems. Installing or replacing door handles only requires inserting the pin, placing the handles on both sides of the door and screwing in the screws from the inside. See how simple it is!<\/p>\n\n    <\/div>\n                <\/div>\n            <\/div>\n\n            <div class=\"flex justify-start w-full justify-start\">\n                <div class=\"w-full md:w-3\/4 relative overflow-hidden before:w-[256px] before:h-[256px] before:rotate-[45deg] before:hidden before:md:block before:bottom-[-40%] before:left-[-25%] before:md:left-[-25%] before:lg:left-[-20%] before:xl:left-[-16%] before:bg-white before:content-[&#039;&#039;] before:absolute before:z-[4] after:w-[256px] after:h-[256px] after:rotate-[45deg] after:hidden after:md:block after:top-[-40%] after:right-[-25%] after:md:right-[-25%] after:lg:right-[-20%] after:xl:right-[-16%] after:bg-white after:content-[&#039;&#039;] after:absolute after:z-[4]\">\n\n                                            <div class=\"video \">\n\t<iframe loading=\"lazy\" title=\"Klamki zintegrowane s\u0105 nie tylko szybsze i \u0142atwiejsze w monta\u017cu, ale r\u00f3wnie\u017c bardziej niezawodne.\" width=\"640\" height=\"360\" src=\"https:\/\/www.youtube.com\/embed\/HsYn9mLoT64?feature=oembed\" frameborder=\"0\" allow=\"accelerometer; autoplay; clipboard-write; encrypted-media; gyroscope; picture-in-picture; web-share\" referrerpolicy=\"strict-origin-when-cross-origin\" allowfullscreen data-ot-ignore><\/iframe>\n<\/div>\n                                    <\/div>\n            <\/div>\n\n        <\/div>\n        \n    <\/div>\n<\/section>\n\n\n<section id=\"\" class=\"is-layout-flex wp-block-acf-content-image-is-layout-flex\" style=\"padding-top:var(--wp--preset--spacing--80); padding-bottom:var(--wp--preset--spacing--80); color: var(--wp--preset--color--font); \">\n\t<div class=\"container\">\n\n\t\t<div class=\"flex flex-col gap-10 lg:gap-0 lg:flex-row relative justify-start items-center justify-start \">\n\n\t\t\t<div class=\"w-full md:w-7\/12\">\n\t\t\t\t\t<img loading=\"lazy\" decoding=\"async\" width=\"779\" height=\"520\" src=\"https:\/\/axahomesecurity.pl\/en\/wp-content\/uploads\/sites\/25\/2024\/04\/idea_600_6493_mobile.jpg?w=779\" class=\"w-full rounded \" alt=\"\" srcset=\"https:\/\/axahomesecurity.pl\/en\/wp-content\/uploads\/sites\/25\/2024\/04\/idea_600_6493_mobile.jpg 779w, https:\/\/axahomesecurity.pl\/en\/wp-content\/uploads\/sites\/25\/2024\/04\/idea_600_6493_mobile.jpg?resize=300,200 300w, https:\/\/axahomesecurity.pl\/en\/wp-content\/uploads\/sites\/25\/2024\/04\/idea_600_6493_mobile.jpg?resize=768,513 768w, https:\/\/axahomesecurity.pl\/en\/wp-content\/uploads\/sites\/25\/2024\/04\/idea_600_6493_mobile.jpg?resize=600,401 600w\" sizes=\"auto, (max-width: 779px) 100vw, 779px\" data-ot-ignore=\"\" \/>\n\t\t\t<\/div>\n\n\t\t\t<div class=\"w-full md:w-6\/12 lg:absolute top-1\/2 lg:-translate-y-1\/2 bg-white py-10 pl-9 pr-7 shadow-contentcard rounded-[2px] right-0\">\n\t\t\t\t<div class=\"content [&amp;_p]:text-[18px]    \">\n\t\t\t\t\t\t    <div class=\"[&amp;_p]:text-[18px]\">\n        <p><strong>Modern door handles<\/strong> have support spring in the handle, which makes the handle work easier and does not wear out so quickly. This is also intended to improve their reliability and comfort of use.<\/p>\n<p>It is worth installing power-assisted handles in doors in rooms with high traffic, e.g. entrance doors, public buildings, schools, etc.<\/p>\n\n    <\/div>\n\t<\/div>\n\t\t\t<\/div>\n\n\t\t<\/div>\n\n\t<\/div>\n<\/section>\n","protected":false},"excerpt":{"rendered":"","protected":false},"author":21,"featured_media":0,"parent":0,"menu_order":0,"comment_status":"closed","ping_status":"closed","template":"","meta":{"_acf_changed":false,"_trash_the_other_posts":false,"footnotes":""},"class_list":["post-15514","page","type-page","status-publish","hentry"],"acf":[],"yoast_head":"<!-- This site is optimized with the Yoast SEO plugin v27.4 - https:\/\/yoast.com\/product\/yoast-seo-wordpress\/ -->\n<title>Integrated handle - AXA Home Security PL \ud83c\uddec\ud83c\udde7<\/title>\n<meta name=\"robots\" content=\"index, follow, max-snippet:-1, max-image-preview:large, max-video-preview:-1\" \/>\n<link rel=\"canonical\" href=\"https:\/\/axahomesecurity.pl\/en\/klamka-zintegrowana\/\" \/>\n<meta property=\"og:locale\" content=\"en_US\" \/>\n<meta property=\"og:type\" content=\"article\" \/>\n<meta property=\"og:title\" content=\"Integrated handle - AXA Home Security PL \ud83c\uddec\ud83c\udde7\" \/>\n<meta property=\"og:url\" content=\"https:\/\/axahomesecurity.pl\/en\/klamka-zintegrowana\/\" \/>\n<meta property=\"og:site_name\" content=\"AXA Home Security PL \ud83c\uddec\ud83c\udde7\" \/>\n<meta property=\"article:modified_time\" content=\"2024-07-18T12:34:09+00:00\" \/>\n<meta name=\"twitter:card\" content=\"summary_large_image\" \/>\n<script type=\"application\/ld+json\" class=\"yoast-schema-graph\">{\"@context\":\"https:\\\/\\\/schema.org\",\"@graph\":[{\"@type\":\"WebPage\",\"@id\":\"https:\\\/\\\/axahomesecurity.pl\\\/en\\\/klamka-zintegrowana\\\/\",\"url\":\"https:\\\/\\\/axahomesecurity.pl\\\/en\\\/klamka-zintegrowana\\\/\",\"name\":\"Integrated handle - AXA Home Security PL \ud83c\uddec\ud83c\udde7\",\"isPartOf\":{\"@id\":\"https:\\\/\\\/axahomesecurity.pl\\\/en\\\/#website\"},\"datePublished\":\"2024-05-07T09:27:34+00:00\",\"dateModified\":\"2024-07-18T12:34:09+00:00\",\"breadcrumb\":{\"@id\":\"https:\\\/\\\/axahomesecurity.pl\\\/en\\\/klamka-zintegrowana\\\/#breadcrumb\"},\"inLanguage\":\"en-US\",\"potentialAction\":[{\"@type\":\"ReadAction\",\"target\":[\"https:\\\/\\\/axahomesecurity.pl\\\/en\\\/klamka-zintegrowana\\\/\"]}]},{\"@type\":\"BreadcrumbList\",\"@id\":\"https:\\\/\\\/axahomesecurity.pl\\\/en\\\/klamka-zintegrowana\\\/#breadcrumb\",\"itemListElement\":[{\"@type\":\"ListItem\",\"position\":1,\"name\":\"house\",\"item\":\"https:\\\/\\\/axahomesecurity.pl\\\/en\\\/\"},{\"@type\":\"ListItem\",\"position\":2,\"name\":\"Integrated handle\"}]},{\"@type\":\"WebSite\",\"@id\":\"https:\\\/\\\/axahomesecurity.pl\\\/en\\\/#website\",\"url\":\"https:\\\/\\\/axahomesecurity.pl\\\/en\\\/\",\"name\":\"AXA Home\",\"description\":\"\",\"potentialAction\":[{\"@type\":\"SearchAction\",\"target\":{\"@type\":\"EntryPoint\",\"urlTemplate\":\"https:\\\/\\\/axahomesecurity.pl\\\/en\\\/?s={search_term_string}\"},\"query-input\":{\"@type\":\"PropertyValueSpecification\",\"valueRequired\":true,\"valueName\":\"search_term_string\"}}],\"inLanguage\":\"en-US\"}]}<\/script>\n<!-- \/ Yoast SEO plugin. -->","yoast_head_json":{"title":"Integrated handle - AXA Home Security PL \ud83c\uddec\ud83c\udde7","robots":{"index":"index","follow":"follow","max-snippet":"max-snippet:-1","max-image-preview":"max-image-preview:large","max-video-preview":"max-video-preview:-1"},"canonical":"https:\/\/axahomesecurity.pl\/en\/klamka-zintegrowana\/","og_locale":"en_US","og_type":"article","og_title":"Integrated handle - AXA Home Security PL \ud83c\uddec\ud83c\udde7","og_url":"https:\/\/axahomesecurity.pl\/en\/klamka-zintegrowana\/","og_site_name":"AXA Home Security PL \ud83c\uddec\ud83c\udde7","article_modified_time":"2024-07-18T12:34:09+00:00","twitter_card":"summary_large_image","schema":{"@context":"https:\/\/schema.org","@graph":[{"@type":"WebPage","@id":"https:\/\/axahomesecurity.pl\/en\/klamka-zintegrowana\/","url":"https:\/\/axahomesecurity.pl\/en\/klamka-zintegrowana\/","name":"Integrated handle - AXA Home Security PL \ud83c\uddec\ud83c\udde7","isPartOf":{"@id":"https:\/\/axahomesecurity.pl\/en\/#website"},"datePublished":"2024-05-07T09:27:34+00:00","dateModified":"2024-07-18T12:34:09+00:00","breadcrumb":{"@id":"https:\/\/axahomesecurity.pl\/en\/klamka-zintegrowana\/#breadcrumb"},"inLanguage":"en-US","potentialAction":[{"@type":"ReadAction","target":["https:\/\/axahomesecurity.pl\/en\/klamka-zintegrowana\/"]}]},{"@type":"BreadcrumbList","@id":"https:\/\/axahomesecurity.pl\/en\/klamka-zintegrowana\/#breadcrumb","itemListElement":[{"@type":"ListItem","position":1,"name":"house","item":"https:\/\/axahomesecurity.pl\/en\/"},{"@type":"ListItem","position":2,"name":"Integrated handle"}]},{"@type":"WebSite","@id":"https:\/\/axahomesecurity.pl\/en\/#website","url":"https:\/\/axahomesecurity.pl\/en\/","name":"AXA Home","description":"","potentialAction":[{"@type":"SearchAction","target":{"@type":"EntryPoint","urlTemplate":"https:\/\/axahomesecurity.pl\/en\/?s={search_term_string}"},"query-input":{"@type":"PropertyValueSpecification","valueRequired":true,"valueName":"search_term_string"}}],"inLanguage":"en-US"}]}},"jetpack_sharing_enabled":true,"_links":{"self":[{"href":"https:\/\/axahomesecurity.pl\/en\/wp-json\/wp\/v2\/pages\/15514","targetHints":{"allow":["GET"]}}],"collection":[{"href":"https:\/\/axahomesecurity.pl\/en\/wp-json\/wp\/v2\/pages"}],"about":[{"href":"https:\/\/axahomesecurity.pl\/en\/wp-json\/wp\/v2\/types\/page"}],"author":[{"embeddable":true,"href":"https:\/\/axahomesecurity.pl\/en\/wp-json\/wp\/v2\/users\/21"}],"replies":[{"embeddable":true,"href":"https:\/\/axahomesecurity.pl\/en\/wp-json\/wp\/v2\/comments?post=15514"}],"version-history":[{"count":33,"href":"https:\/\/axahomesecurity.pl\/en\/wp-json\/wp\/v2\/pages\/15514\/revisions"}],"predecessor-version":[{"id":16675,"href":"https:\/\/axahomesecurity.pl\/en\/wp-json\/wp\/v2\/pages\/15514\/revisions\/16675"}],"wp:attachment":[{"href":"https:\/\/axahomesecurity.pl\/en\/wp-json\/wp\/v2\/media?parent=15514"}],"curies":[{"name":"wp","href":"https:\/\/api.w.org\/{rel}","templated":true}]}}